{"id":104,"date":"2024-07-31T13:06:56","date_gmt":"2024-07-31T11:06:56","guid":{"rendered":"https:\/\/woo.odyzeoclients.com\/?post_type=product&#038;p=104"},"modified":"2024-07-31T13:09:15","modified_gmt":"2024-07-31T11:09:15","slug":"nzon-distance-special-feeder-rods","status":"publish","type":"product","link":"https:\/\/woo.odyzeoclients.com\/?product=nzon-distance-special-feeder-rods","title":{"rendered":"N&#8217;ZON DISTANCE SPECIAL FEEDER RODS"},"content":{"rendered":"<p>Vo v\u00fdvoji u\u017e viac ako 12 mesiacov tieto nov\u00e9 \u0161peci\u00e1lne dia\u013ekov\u00e9 N&#8217;ZON<br \/>\nvynikaj\u00faco posl\u00fa\u017eia pri love na feeder na ve\u013ek\u00e9 vzdialenosti.<br \/>\nSpojili sme odolnos\u0165 proti kr\u00fatiacemu momentu X45 a vysok\u00fa hustotu HVF<br \/>\nnanoplus na vytvorenie siln\u00fdch a v\u00fdkonn\u00fdch nahadzovac\u00edch akci\u00ed. T\u00e1to technol\u00f3gia blanku<br \/>\nsa odr\u00e1\u017ea v ich \u00fa\u017easne citlivom pocite.<\/p>\n<p>Sortiment sa za\u010d\u00edna 11-palcov\u00fdm modelom Distance Method a\u017e po 14-palcov\u00fd model Power<br \/>\npre naozaj ve\u013ek\u00e9 n\u00e1strahy a rieky. Aj ke\u010f je v\u0161ak orientovan\u00fd na vzdialenos\u0165<br \/>\ns vysok\u00fdmi bodmi za\u0165a\u017eenia, ka\u017ed\u00fd model je navrhnut\u00fd tak, aby zostal citliv\u00fd<br \/>\na \u0161etrn\u00fd k h\u00e1\u010dikom na bl\u00edzku vzdialenos\u0165.<\/p>\n<p>Aby sme zaistili optim\u00e1lny v\u00fdkon pri nahadzovan\u00ed a komfort pri pou\u017e\u00edvan\u00ed, ka\u017ed\u00fd z nich sme<br \/>\nm\u00e1me pre ka\u017ed\u00fa d\u013a\u017eku pr\u00fata vyhraden\u00fa ve\u013ekos\u0165 rukov\u00e4te Armlock.<\/p>\n<p>Vodiace li\u0161ty smeruj\u00face dopredu redukuj\u00fa vetern\u00e9 uzly a zamot\u00e1vanie pletenky a<br \/>\npredn\u00e1 rukov\u00e4\u0165 s uzamykan\u00edm smerom nadol, bez odkryt\u00e9ho rozstupu z\u00e1vitov, sa nezhroma\u017e\u010fuje<br \/>\nn\u00e1strahy a ne\u010distoty.<\/p>\n<p>Pou\u017eitie CT quiverov v celom rozsahu umo\u017e\u0148uje nielen kompatibilitu s in\u00fdmi<br \/>\nN&#8217;ZON v\u00fdkonn\u00fdmi modelmi, ale zabezpe\u010duje aj v\u0161estrann\u00e9 pou\u017eitie pr\u00fata. V\u00fdber akci\u00ed<br \/>\nod 1oz do 5oz sl\u00fa\u017eia na detekciu \u013eahk\u00e9ho z\u00e1beru, odolnos\u0165 vo\u010di \u0165ahu vody pri<br \/>\nvzdialenosti alebo dokonal\u00fa akciu na drop back z\u00e1bery na riekach.<\/p>\n<p>Translated with DeepL.com (free version)<\/p>\n","protected":false},"excerpt":{"rendered":"<p>Vo v\u00fdvoji u\u017e viac ako 12 mesiacov tieto nov\u00e9 \u0161peci\u00e1lne dia\u013ekov\u00e9 N&#8217;ZON vynikaj\u00faco posl\u00fa\u017eia pri love na feeder na ve\u013ek\u00e9 vzdialenosti. Spojili sme odolnos\u0165 proti kr\u00fatiacemu momentu X45 a vysok\u00fa hustotu HVF nanoplus na vytvorenie siln\u00fdch a v\u00fdkonn\u00fdch nahadzovac\u00edch akci\u00ed. T\u00e1to technol\u00f3gia blanku sa odr\u00e1\u017ea v ich \u00fa\u017easne citlivom pocite. Sortiment sa za\u010d\u00edna 11-palcov\u00fdm modelom [&hellip;]<\/p>\n","protected":false},"featured_media":105,"comment_status":"open","ping_status":"closed","template":"","meta":[],"product_cat":[22],"product_tag":[19,20],"class_list":{"0":"post-104","1":"product","2":"type-product","3":"status-publish","4":"has-post-thumbnail","6":"product_cat-udice","7":"product_tag-feeder","8":"product_tag-plavana","10":"first","11":"instock","12":"taxable","13":"shipping-taxable","14":"purchasable","15":"product-type-simple"},"_links":{"self":[{"href":"https:\/\/woo.odyzeoclients.com\/index.php?rest_route=\/wp\/v2\/product\/104","targetHints":{"allow":["GET"]}}],"collection":[{"href":"https:\/\/woo.odyzeoclients.com\/index.php?rest_route=\/wp\/v2\/product"}],"about":[{"href":"https:\/\/woo.odyzeoclients.com\/index.php?rest_route=\/wp\/v2\/types\/product"}],"replies":[{"embeddable":true,"href":"https:\/\/woo.odyzeoclients.com\/index.php?rest_route=%2Fwp%2Fv2%2Fcomments&post=104"}],"wp:featuredmedia":[{"embeddable":true,"href":"https:\/\/woo.odyzeoclients.com\/index.php?rest_route=\/wp\/v2\/media\/105"}],"wp:attachment":[{"href":"https:\/\/woo.odyzeoclients.com\/index.php?rest_route=%2Fwp%2Fv2%2Fmedia&parent=104"}],"wp:term":[{"taxonomy":"product_cat","embeddable":true,"href":"https:\/\/woo.odyzeoclients.com\/index.php?rest_route=%2Fwp%2Fv2%2Fproduct_cat&post=104"},{"taxonomy":"product_tag","embeddable":true,"href":"https:\/\/woo.odyzeoclients.com\/index.php?rest_route=%2Fwp%2Fv2%2Fproduct_tag&post=104"}],"curies":[{"name":"wp","href":"https:\/\/api.w.org\/{rel}","templated":true}]}}