{"id":61,"date":"2024-07-31T11:21:03","date_gmt":"2024-07-31T09:21:03","guid":{"rendered":"https:\/\/woo.odyzeoclients.com\/?post_type=product&#038;p=61"},"modified":"2024-07-31T11:27:14","modified_gmt":"2024-07-31T09:27:14","slug":"daiwa-navijak-tournament-4010-qd","status":"publish","type":"product","link":"https:\/\/woo.odyzeoclients.com\/?product=daiwa-navijak-tournament-4010-qd","title":{"rendered":"Daiwa Navijak Tournament 4010 QD"},"content":{"rendered":"<p>Ve\u013emi siln\u00fd navijak na pl\u00e1van\u00fa a feeder, ktor\u00fd sp\u013a\u0148a aj tie najvy\u0161\u0161ie po\u017eiadavky. S nov\u00fdmi navijakmi Tournament QD Daiwa predstavuje rad plava\u010dkov\u00fdch a feederov\u00fdch navijakov pre nekompromisn\u00e9 pou\u017eitie, na ktor\u00e9 sa m\u00f4\u017eete \u00faplne spo\u013eahn\u00fa\u0165 aj v \u0165a\u017ek\u00fdch podmienkach a na pretekoch. Odoln\u00e9 telo HardbodyZ je z\u00e1kladom pre bezpe\u010dn\u00e9 ulo\u017eenie prevodov aj pri n\u00e1ro\u010dnom alebo extr\u00e9mnom pou\u017eit\u00ed. Odoln\u00e9 prevody Digigear zais\u0165uj\u00fa hladk\u00fd chod. \u010eal\u0161\u00edm optimalizovan\u00edm dizajnu rovnako ako rotora Zaion bola v\u00fdrazne zn\u00ed\u017een\u00e1 hmotnos\u0165 v porovnan\u00ed s predch\u00e1dzaj\u00facou radou TD-X &#8211; v\u010faka tomu model 3010QD v\u00e1\u017ei iba 290 gramov! Dizajn MagSealed spo\u013eahlivo zabra\u0148uje prenikaniu \u010dast\u00edc vody a ne\u010dist\u00f4t, \u010d\u00edm prispieva k zna\u010dn\u00e9mu pred\u013a\u017eeniu \u017eivotnosti navijaka. S pomocou QD brzdy m\u00f4\u017eete reagova\u0165 na meniacu sa situ\u00e1ciu pri zdol\u00e1van\u00ed ryby behom sekundy. Hlin\u00edkov\u00e1 ABS cievka pon\u00faka zn\u00ed\u017eenie trenia po\u010das nahoden\u00ed, \u010do umo\u017e\u0148uje e\u0161te dlh\u0161ie hody.<\/p>\n<p>Brzdn\u00e1 sila: 3010\/4010: 12kg.<\/p>\n<p>HARDBODYZ\u00ae hlin\u00edkov\u00e9 telo navijaku \u25ba MAGSEALED\u00ae ochrana tela \u25ba MAGSEALED\u00ae ro\u013eni\u010dka \u25ba 10 gu\u013e\u00f4\u010dkov\u00fdch lo\u017e\u00edsk (vr\u00e1tane 2 &#8222;CRBB\u00ae&#8220;) \u25ba ZAION\u00ae AIR ROTOR\u00ae \u25ba Siln\u00e9 prevody TOUGH DIGIGEAR\u00ae \u25ba Syst\u00e9m r\u00fdchlobrzda (QD\u00ae) \u25ba Anti-reverzn\u00fd syst\u00e9m Infinite\u00ae \u25ba Kr\u00ed\u017eov\u00e9 nav\u00edjanie vlasca Cross Wrap\u00ae \u25ba Hlin\u00edkov\u00e1 cievka pre \u010falek\u00e9 hody ABS\u00ae \u25ba 2 hlin\u00edkov\u00e9 n\u00e1hradn\u00e9 cievky \u25ba Alum\u00edniov\u00e1 rychlokli\u010dka One-Touch \u25ba prekl\u00e1pa\u010d AIR BAIL\u00ae \u25ba Rolni\u010dka Twist Buster\u00ae II \u25ba HIP\u00ae klip vlasca<\/p>\n","protected":false},"excerpt":{"rendered":"<p>Ve\u013emi siln\u00fd navijak na pl\u00e1van\u00fa a feeder, ktor\u00fd sp\u013a\u0148a aj tie najvy\u0161\u0161ie po\u017eiadavky.<\/p>\n","protected":false},"featured_media":62,"comment_status":"open","ping_status":"closed","template":"","meta":[],"product_cat":[18],"product_tag":[19,20],"class_list":{"0":"post-61","1":"product","2":"type-product","3":"status-publish","4":"has-post-thumbnail","6":"product_cat-navijaky","7":"product_tag-feeder","8":"product_tag-plavana","10":"first","11":"instock","12":"taxable","13":"shipping-taxable","14":"purchasable","15":"product-type-simple"},"_links":{"self":[{"href":"https:\/\/woo.odyzeoclients.com\/index.php?rest_route=\/wp\/v2\/product\/61","targetHints":{"allow":["GET"]}}],"collection":[{"href":"https:\/\/woo.odyzeoclients.com\/index.php?rest_route=\/wp\/v2\/product"}],"about":[{"href":"https:\/\/woo.odyzeoclients.com\/index.php?rest_route=\/wp\/v2\/types\/product"}],"replies":[{"embeddable":true,"href":"https:\/\/woo.odyzeoclients.com\/index.php?rest_route=%2Fwp%2Fv2%2Fcomments&post=61"}],"wp:featuredmedia":[{"embeddable":true,"href":"https:\/\/woo.odyzeoclients.com\/index.php?rest_route=\/wp\/v2\/media\/62"}],"wp:attachment":[{"href":"https:\/\/woo.odyzeoclients.com\/index.php?rest_route=%2Fwp%2Fv2%2Fmedia&parent=61"}],"wp:term":[{"taxonomy":"product_cat","embeddable":true,"href":"https:\/\/woo.odyzeoclients.com\/index.php?rest_route=%2Fwp%2Fv2%2Fproduct_cat&post=61"},{"taxonomy":"product_tag","embeddable":true,"href":"https:\/\/woo.odyzeoclients.com\/index.php?rest_route=%2Fwp%2Fv2%2Fproduct_tag&post=61"}],"curies":[{"name":"wp","href":"https:\/\/api.w.org\/{rel}","templated":true}]}}